{"id":9,"date":"2019-11-17T22:20:45","date_gmt":"2019-11-17T22:20:45","guid":{"rendered":"http:\/\/www.rozenntalec.bzh\/?page_id=9"},"modified":"2025-09-19T09:22:32","modified_gmt":"2025-09-19T09:22:32","slug":"biographie","status":"publish","type":"page","link":"https:\/\/www.rozenntalec.bzh\/index.php\/biographie\/","title":{"rendered":"Biographie"},"content":{"rendered":"\t\t<div data-elementor-type=\"wp-page\" data-elementor-id=\"9\" class=\"elementor elementor-9\" data-elementor-settings=\"{&quot;ha_cmc_init_switcher&quot;:&quot;no&quot;}\">\n\t\t\t\t\t\t<section class=\"elementor-section elementor-top-section elementor-element elementor-element-71e9a48 elementor-section-boxed elementor-section-height-default elementor-section-height-default\" data-id=\"71e9a48\" data-element_type=\"section\" data-e-type=\"section\" data-settings=\"{&quot;_ha_eqh_enable&quot;:false}\">\n\t\t\t\t\t\t<div class=\"elementor-container elementor-column-gap-default\">\n\t\t\t\t\t<div class=\"elementor-column elementor-col-50 elementor-top-column elementor-element elementor-element-e2da000\" data-id=\"e2da000\" data-element_type=\"column\" data-e-type=\"column\">\n\t\t\t<div class=\"elementor-widget-wrap elementor-element-populated\">\n\t\t\t\t\t\t<div class=\"elementor-element elementor-element-eded08f elementor-widget elementor-widget-text-editor\" data-id=\"eded08f\" data-element_type=\"widget\" data-e-type=\"widget\" data-widget_type=\"text-editor.default\">\n\t\t\t\t<div class=\"elementor-widget-container\">\n\t\t\t\t\t\t\t\t\t<h4><strong>R<\/strong>ozenn Talec est chanteuse et auteure, sp\u00e9cialis\u00e9e dans la chanson traditionnelle bretonne. Elle se produit ainsi surtout en fest noz mais \u00e9galement, dans le cadre de cr\u00e9ations sc\u00e9niques (Talec\/ Noguet, KBA3, Kerham, Chadenn,Bodenes\/Hamon Quintet,Nuit d\u2019encontre, Astaffort). Ayant grandi en Centre Bretagne, elle s&rsquo;int\u00e9resse au terroir Montagne, autour de Sp\u00e9zet. Son p\u00e8re, chanteur traditionnel et collecteur, lui transmet les chants oralement. D\u00e8s l&rsquo;\u00e2ge de 14 ans elle chante avec lui, ils enregistreront ensemble un album autour de collectages: Marvailho\u00f9 \u00ab les Merveilles \u00bb. Elle poursuit cette transmission orale aupr\u00e8s des jeunes au sein de l\u2019EMDTKB.<\/h4><h4>En 2010, Rozenn int\u00e8gre la Kreiz Breizh Akademi, une formation de musique modale dirig\u00e9e par Erik Marchand. Rozenn d\u00e9cide en 2011 de partir tous les ans \u00e0 la rencontre de chanteurs populaires afin d\u2019explorer de nouveaux univers musicaux, elle partira en Inde, en Gr\u00e8ce, en Turquie et derni\u00e8rement en Hongrie.<\/h4>\t\t\t\t\t\t\t\t<\/div>\n\t\t\t\t<\/div>\n\t\t\t\t\t<\/div>\n\t\t<\/div>\n\t\t\t\t<div class=\"elementor-column elementor-col-50 elementor-top-column elementor-element elementor-element-1c16536 animated-slow elementor-invisible\" data-id=\"1c16536\" data-element_type=\"column\" data-e-type=\"column\" data-settings=\"{&quot;background_background&quot;:&quot;classic&quot;,&quot;animation&quot;:&quot;fadeIn&quot;}\">\n\t\t\t<div class=\"elementor-widget-wrap elementor-element-populated\">\n\t\t\t\t\t\t<div class=\"elementor-element elementor-element-0f1ff57 elementor-widget elementor-widget-spacer\" data-id=\"0f1ff57\" data-element_type=\"widget\" data-e-type=\"widget\" data-widget_type=\"spacer.default\">\n\t\t\t\t<div class=\"elementor-widget-container\">\n\t\t\t\t\t\t\t<div class=\"elementor-spacer\">\n\t\t\t<div class=\"elementor-spacer-inner\"><\/div>\n\t\t<\/div>\n\t\t\t\t\t\t<\/div>\n\t\t\t\t<\/div>\n\t\t\t\t\t<\/div>\n\t\t<\/div>\n\t\t\t\t\t<\/div>\n\t\t<\/section>\n\t\t\t\t<section class=\"elementor-section elementor-top-section elementor-element elementor-element-11fe212 elementor-section-boxed elementor-section-height-default elementor-section-height-default\" data-id=\"11fe212\" data-element_type=\"section\" data-e-type=\"section\" data-settings=\"{&quot;_ha_eqh_enable&quot;:false}\">\n\t\t\t\t\t\t<div class=\"elementor-container elementor-column-gap-default\">\n\t\t\t\t\t<div class=\"elementor-column elementor-col-100 elementor-top-column elementor-element elementor-element-6efeb5e\" data-id=\"6efeb5e\" data-element_type=\"column\" data-e-type=\"column\">\n\t\t\t<div class=\"elementor-widget-wrap elementor-element-populated\">\n\t\t\t\t\t\t<div class=\"elementor-element elementor-element-37470c2 elementor-widget elementor-widget-text-editor\" data-id=\"37470c2\" data-element_type=\"widget\" data-e-type=\"widget\" data-widget_type=\"text-editor.default\">\n\t\t\t\t<div class=\"elementor-widget-container\">\n\t\t\t\t\t\t\t\t\t<h4>Enrichie de tous ces enseignements et de ceux de Marthe Vassallo, elle d\u00e9veloppe de belles qualit\u00e9s vocales au service d\u2019un style tr\u00e8s expressif et sensible. Rozenn a \u00e9galement collabor\u00e9 \u00e0 l\u2019enregistrement de deux albums : le premier Daou Don Da\u00f1s du Bodenes\/ Hamon Quintet (Paker Prod \u2013 avril 2016) et le deuxi\u00e8me Chadenn, cr\u00e9ation du duo Le Bour\/ Bodros (Paker Prod \u2013 novembre 2016).<\/h4><h4>Elle collabore ensuite avec l\u2019accord\u00e9oniste Yannig Noguet (4 albums produits par Coop Breizh en 2013, 2015, 2019 puis avec ArFolk musik en 2025) et la harpiste Lina Bellard.<\/h4>\t\t\t\t\t\t\t\t<\/div>\n\t\t\t\t<\/div>\n\t\t\t\t\t<\/div>\n\t\t<\/div>\n\t\t\t\t\t<\/div>\n\t\t<\/section>\n\t\t\t\t<section class=\"elementor-section elementor-top-section elementor-element elementor-element-ac91818 elementor-section-boxed elementor-section-height-default elementor-section-height-default\" data-id=\"ac91818\" data-element_type=\"section\" data-e-type=\"section\" data-settings=\"{&quot;_ha_eqh_enable&quot;:false}\">\n\t\t\t\t\t\t<div class=\"elementor-container elementor-column-gap-default\">\n\t\t\t\t\t<div class=\"elementor-column elementor-col-50 elementor-top-column elementor-element elementor-element-527ceea animated-slow elementor-invisible\" data-id=\"527ceea\" data-element_type=\"column\" data-e-type=\"column\" data-settings=\"{&quot;background_background&quot;:&quot;classic&quot;,&quot;animation&quot;:&quot;fadeIn&quot;}\">\n\t\t\t<div class=\"elementor-widget-wrap elementor-element-populated\">\n\t\t\t\t\t\t<div class=\"elementor-element elementor-element-a458f65 elementor-widget elementor-widget-spacer\" data-id=\"a458f65\" data-element_type=\"widget\" data-e-type=\"widget\" data-widget_type=\"spacer.default\">\n\t\t\t\t<div class=\"elementor-widget-container\">\n\t\t\t\t\t\t\t<div class=\"elementor-spacer\">\n\t\t\t<div class=\"elementor-spacer-inner\"><\/div>\n\t\t<\/div>\n\t\t\t\t\t\t<\/div>\n\t\t\t\t<\/div>\n\t\t\t\t\t<\/div>\n\t\t<\/div>\n\t\t\t\t<div class=\"elementor-column elementor-col-50 elementor-top-column elementor-element elementor-element-6757d34 animated-slow elementor-invisible\" data-id=\"6757d34\" data-element_type=\"column\" data-e-type=\"column\" data-settings=\"{&quot;background_background&quot;:&quot;classic&quot;,&quot;animation&quot;:&quot;fadeIn&quot;}\">\n\t\t\t<div class=\"elementor-widget-wrap elementor-element-populated\">\n\t\t\t\t\t<div class=\"elementor-background-overlay\"><\/div>\n\t\t\t\t\t\t<div class=\"elementor-element elementor-element-de2fa55 elementor-widget elementor-widget-text-editor\" data-id=\"de2fa55\" data-element_type=\"widget\" data-e-type=\"widget\" data-widget_type=\"text-editor.default\">\n\t\t\t\t<div class=\"elementor-widget-container\">\n\t\t\t\t\t\t\t\t\t<h4>Elle officie aujourd\u2019hui en tant que Chef de ch\u0153ur dans l\u2019Orchestre D\u00e9mos Kreiz Breizh dirig\u00e9 par la Philharmonie de Paris depuis 2018. Dipl\u00f4m\u00e9e en Sophrologie elle anime aussi des ateliers autour du corps sc\u00e9nique. Son dernier album remporte en mai 2020 les Prizio\u00f9 de France3 Bretagne dans la cat\u00e9gorie meilleur album chant\u00e9 en breton.\u00a0<\/h4><h4>Elle poursuit en 2021 sa collaboration avec la Philharmonie de Paris en \u00e9tant r\u00e9f\u00e9rente du portail p\u00e9dagogique Eduth\u00e8que sur les chants de Bretagne. En 2022, elle obtient son Dipl\u00f4me d\u2019\u00e9tat de Chant Traditionnel. Elle signe en 2023, la cr\u00e9ation NES? produite par Paker Prod, spectacle hybride th\u00e9\u00e2tre et musique.<\/h4><h4>D\u00e9but 2024, la philharmonie de Paris lui proposera de devenir formatrice au sein des ateliers p\u00e9dagogiques.<\/h4>\t\t\t\t\t\t\t\t<\/div>\n\t\t\t\t<\/div>\n\t\t\t\t\t<\/div>\n\t\t<\/div>\n\t\t\t\t\t<\/div>\n\t\t<\/section>\n\t\t\t\t<section class=\"elementor-section elementor-top-section elementor-element elementor-element-ede14ae elementor-section-boxed elementor-section-height-default elementor-section-height-default\" data-id=\"ede14ae\" data-element_type=\"section\" data-e-type=\"section\" data-settings=\"{&quot;_ha_eqh_enable&quot;:false}\">\n\t\t\t\t\t\t<div class=\"elementor-container elementor-column-gap-default\">\n\t\t\t\t\t<div class=\"elementor-column elementor-col-100 elementor-top-column elementor-element elementor-element-7c572fd\" data-id=\"7c572fd\" data-element_type=\"column\" data-e-type=\"column\">\n\t\t\t<div class=\"elementor-widget-wrap elementor-element-populated\">\n\t\t\t\t\t\t<div class=\"elementor-element elementor-element-4737eba elementor-widget elementor-widget-text-editor\" data-id=\"4737eba\" data-element_type=\"widget\" data-e-type=\"widget\" data-widget_type=\"text-editor.default\">\n\t\t\t\t<div class=\"elementor-widget-container\">\n\t\t\t\t\t\t\t\t\t<p><strong>R\u00e9f\u00e9rences sc\u00e9niques en Bretagne<\/strong><br \/>Festival des Vieilles Charrues (Carhaix), Festival Interceltique (Lorient), Festival de Cornouailles (Quimper), Festival Yaouank (Rennes), Festival Kan al Loar (Landerneau), Festival Fisel (Rostrenen), Festival Sabufaneu #1 Nouveau Pavillon (Bouguenais), Festival NO BORDER Quartz (Brest),Centre Amzer Nevez (Ploemeur), Printemps de ch\u00e2teauneuf (Ch\u00e2teauneuf du faou), F\u00eate du chant (Bovel), Gall\u00e8sie en f\u00eate (Monterfil), le Ch\u00e2teau des Ducs (Nantes), Festival Comboros \u00e0 St Gervais d&rsquo;Auvergne&#8230;<\/p><p><strong>R\u00e9f\u00e9rence sc\u00e9niques \u00e0 l\u2019\u00e9tranger<\/strong><br \/>Kawa Cultural Center (Ja\u00efpur, India), Bar King, Neuch\u00e2tel (Suisse), Diersbach Innt\u00f6ne, Festival Sargfabrik de Vienne (Autriche), Meseh\u00e0z, B\u00e9k\u00e9scsaba (Hongrie), Balatonbogl\u00e1r M\u00e9ta Fesztiv\u00e1l (Hongrie), Rochester (Etat de New York), Ouagadougou (Burkina Faso), Sendai (Japon), Poznan (Pologne)\u2026<\/p>\t\t\t\t\t\t\t\t<\/div>\n\t\t\t\t<\/div>\n\t\t\t\t\t<\/div>\n\t\t<\/div>\n\t\t\t\t\t<\/div>\n\t\t<\/section>\n\t\t\t\t<section class=\"elementor-section elementor-top-section elementor-element elementor-element-721fd27 elementor-section-boxed elementor-section-height-default elementor-section-height-default\" data-id=\"721fd27\" data-element_type=\"section\" data-e-type=\"section\" data-settings=\"{&quot;_ha_eqh_enable&quot;:false}\">\n\t\t\t\t\t\t<div class=\"elementor-container elementor-column-gap-default\">\n\t\t\t\t\t<div class=\"elementor-column elementor-col-100 elementor-top-column elementor-element elementor-element-d69eb38\" data-id=\"d69eb38\" data-element_type=\"column\" data-e-type=\"column\">\n\t\t\t<div class=\"elementor-widget-wrap\">\n\t\t\t\t\t\t\t<\/div>\n\t\t<\/div>\n\t\t\t\t\t<\/div>\n\t\t<\/section>\n\t\t\t\t<\/div>\n\t\t","protected":false},"excerpt":{"rendered":"<p>Rozenn Talec est chanteuse et auteure, sp\u00e9cialis\u00e9e dans la chanson traditionnelle bretonne. Elle se produit ainsi surtout en fest noz mais \u00e9galement, dans le cadre de cr\u00e9ations sc\u00e9niques (Talec\/ Noguet, KBA3, Kerham, Chadenn,Bodenes\/Hamon Quintet,Nuit d\u2019encontre, Astaffort). Ayant grandi en Centre Bretagne, elle s&rsquo;int\u00e9resse au terroir Montagne, autour de Sp\u00e9zet. Son p\u00e8re, chanteur traditionnel et collecteur, &hellip;<\/p>\n<p class=\"read-more\"> <a class=\"\" href=\"https:\/\/www.rozenntalec.bzh\/index.php\/biographie\/\"> <span class=\"screen-reader-text\">Biographie<\/span> Read More &raquo;<\/a><\/p>\n","protected":false},"author":1,"featured_media":0,"parent":0,"menu_order":2,"comment_status":"closed","ping_status":"closed","template":"elementor_header_footer","meta":{"footnotes":""},"class_list":["post-9","page","type-page","status-publish","hentry"],"jetpack_sharing_enabled":true,"_links":{"self":[{"href":"https:\/\/www.rozenntalec.bzh\/index.php\/wp-json\/wp\/v2\/pages\/9","targetHints":{"allow":["GET"]}}],"collection":[{"href":"https:\/\/www.rozenntalec.bzh\/index.php\/wp-json\/wp\/v2\/pages"}],"about":[{"href":"https:\/\/www.rozenntalec.bzh\/index.php\/wp-json\/wp\/v2\/types\/page"}],"author":[{"embeddable":true,"href":"https:\/\/www.rozenntalec.bzh\/index.php\/wp-json\/wp\/v2\/users\/1"}],"replies":[{"embeddable":true,"href":"https:\/\/www.rozenntalec.bzh\/index.php\/wp-json\/wp\/v2\/comments?post=9"}],"version-history":[{"count":17,"href":"https:\/\/www.rozenntalec.bzh\/index.php\/wp-json\/wp\/v2\/pages\/9\/revisions"}],"predecessor-version":[{"id":2215,"href":"https:\/\/www.rozenntalec.bzh\/index.php\/wp-json\/wp\/v2\/pages\/9\/revisions\/2215"}],"wp:attachment":[{"href":"https:\/\/www.rozenntalec.bzh\/index.php\/wp-json\/wp\/v2\/media?parent=9"}],"curies":[{"name":"wp","href":"https:\/\/api.w.org\/{rel}","templated":true}]}}